{"id":278309,"date":"2023-06-16T10:41:09","date_gmt":"2023-06-16T10:41:09","guid":{"rendered":"https:\/\/daikinshop.mk\/al\/?page_id=278309"},"modified":"2023-06-30T21:27:07","modified_gmt":"2023-06-30T21:27:07","slug":"njoftim-ligjor","status":"publish","type":"page","link":"https:\/\/daikinshop.mk\/al\/njoftim-ligjor\/","title":{"rendered":"Njoftim ligjor"},"content":{"rendered":"<p>[et_pb_section fb_built=&#8221;1&#8243; _builder_version=&#8221;4.21.0&#8243; _module_preset=&#8221;default&#8221; custom_padding=&#8221;1px|||||&#8221; da_disable_devices=&#8221;off|off|off&#8221; locked=&#8221;off&#8221; global_colors_info=&#8221;{}&#8221; da_is_popup=&#8221;off&#8221; da_exit_intent=&#8221;off&#8221; da_has_close=&#8221;on&#8221; da_alt_close=&#8221;off&#8221; da_dark_close=&#8221;off&#8221; da_not_modal=&#8221;on&#8221; da_is_singular=&#8221;off&#8221; da_with_loader=&#8221;off&#8221; da_has_shadow=&#8221;on&#8221;][et_pb_row _builder_version=&#8221;4.21.0&#8243; _module_preset=&#8221;default&#8221; width=&#8221;100%&#8221; max_width=&#8221;2560px&#8221; custom_padding=&#8221;0px||0px||false|false&#8221; locked=&#8221;off&#8221; global_colors_info=&#8221;{}&#8221;][et_pb_column type=&#8221;4_4&#8243; _builder_version=&#8221;4.21.0&#8243; _module_preset=&#8221;default&#8221; global_colors_info=&#8221;{}&#8221;][et_pb_image src=&#8221;https:\/\/daikinshop.mk\/al\/wp-content\/uploads\/2023\/06\/banner-air-purifiers.png&#8221; title_text=&#8221;banner air purifiers&#8221; _builder_version=&#8221;4.21.0&#8243; _module_preset=&#8221;default&#8221; hover_enabled=&#8221;0&#8243; global_colors_info=&#8221;{}&#8221; sticky_enabled=&#8221;0&#8243;][\/et_pb_image][\/et_pb_column][\/et_pb_row][et_pb_row _builder_version=&#8221;4.21.0&#8243; _module_preset=&#8221;default&#8221; global_colors_info=&#8221;{}&#8221;][et_pb_column type=&#8221;4_4&#8243; _builder_version=&#8221;4.21.0&#8243; _module_preset=&#8221;default&#8221; global_colors_info=&#8221;{}&#8221;][et_pb_text _builder_version=&#8221;4.21.0&#8243; _module_preset=&#8221;default&#8221; header_2_text_align=&#8221;center&#8221; header_2_text_color=&#8221;#0C71C3&#8243; header_2_font_size=&#8221;42px&#8221; custom_padding=&#8221;41px|||||&#8221; hover_enabled=&#8221;0&#8243; locked=&#8221;off&#8221; global_colors_info=&#8221;{}&#8221; sticky_enabled=&#8221;0&#8243;]<\/p>\n<h2>Njoftim ligjor<\/h2>\n<p>[\/et_pb_text][\/et_pb_column][\/et_pb_row][et_pb_row _builder_version=&#8221;4.21.0&#8243; _module_preset=&#8221;default&#8221; global_colors_info=&#8221;{}&#8221;][et_pb_column type=&#8221;4_4&#8243; _builder_version=&#8221;4.21.0&#8243; _module_preset=&#8221;default&#8221; global_colors_info=&#8221;{}&#8221;][et_pb_text _builder_version=&#8221;4.21.0&#8243; _module_preset=&#8221;default&#8221; hover_enabled=&#8221;0&#8243; global_colors_info=&#8221;{}&#8221; sticky_enabled=&#8221;0&#8243;]<\/p>\n<div class=\"text js-text\">\n<div id=\"text-70534dcce9\" class=\"cmp-text\">\n<div class=\"text js-text\">\n<div id=\"text-ad7c3b178c\" class=\"cmp-text\">\n<h2>Njoftim ligjor<\/h2>\n<p>\u00c7do hyrje dhe p\u00ebrdorim i uebsajtit t\u00eb Daikin Europe N.V. u n\u00ebnshtrohet kushteve t\u00eb p\u00ebrgjithshme t\u00eb m\u00ebposhtme (kolektivisht t\u00eb referuara si \u201cNjoftimi ligjor\u201d). Duke hyr\u00eb dhe duke p\u00ebrdorur uebsajtin e Daikin, ju pranoni versionin e Njoftimit ligjor q\u00eb \u00ebsht\u00eb n\u00eb fuqi n\u00eb momentin e hyrjes suaj n\u00eb uebsajt. Daikin rezervon t\u00eb drejt\u00ebn t\u00eb ndryshoj\u00eb Njoftimin ligjor n\u00eb \u00e7do koh\u00eb sipas gjykimit t\u00eb Daikin dhe pa njoftim paraprak. Vazhdimi i p\u00ebrdorimit t\u00eb k\u00ebtij uebsajti do t\u00eb thot\u00eb pranim t\u00eb Njoftimit ligjor t\u00eb ndryshuar. Ju jeni p\u00ebrgjegj\u00ebs p\u00ebr t\u2019u informuar rreth Njoftimit ligjor n\u00eb fuqi n\u00eb momentin e hyrjes suaj n\u00eb uebsajt dhe p\u00ebrdorimit t\u00eb uebsajtit. N\u00ebse shkelni nj\u00eb prej kushteve t\u00eb p\u00ebrgjithshme t\u00eb Njoftimit ligjor, p\u00ebrfundon autorizimi juaj p\u00ebr t\u00eb p\u00ebrdorur uebsajtin.<\/p>\n<\/div>\n<\/div>\n<div class=\"text js-text\">\n<div id=\"text-cb42880975\" class=\"cmp-text\">\n<h3>E drejta e autorit<\/h3>\n<p>P\u00ebrmbajtja dhe struktura e k\u00ebtij uebsajti zot\u00ebrohen nga ose licencohen te Daikin dhe jan\u00eb t\u00eb mbrojtura sipas ligjeve t\u00eb t\u00eb drejtave t\u00eb autorit dhe ligjeve t\u00eb tjera t\u00eb pron\u00ebsis\u00eb intelektuale. \u00c7do p\u00ebrdorim i paautorizuar i p\u00ebrmbajtjes mund t\u00eb shkel\u00eb k\u00ebto ligje. T\u00eb gjitha t\u00eb drejtat q\u00eb nuk jepen posa\u00e7\u00ebrisht k\u00ebtu, jan\u00eb t\u00eb rezervuara. Ndalohet riprodhimi, transferimi, shp\u00ebrndarja apo ruajtja e nj\u00eb pjese ose e t\u00eb gjith\u00eb uebsajtit n\u00eb ndonj\u00eb m\u00ebnyr\u00eb pa lejen paraprake me shkrim nga Daikin. Ju mund t\u00eb aplikoni p\u00ebr leje p\u00ebrmes<span>\u00a0<\/span><a href=\"https:\/\/www.daikin.al\/sq_al\/legal-notice\/legal_contact_form.html\" title=\"Na kontaktoni\" target=\"_blank\" rel=\"noopener noreferrer\">k\u00ebtij formulari.<\/a><\/p>\n<p>Me p\u00ebrjashtim t\u00eb faqeve q\u00eb mbajn\u00eb sh\u00ebnimin \u201cprintojeni k\u00ebt\u00eb faqe\u201d ju mund t\u00eb printoni vet\u00ebm nj\u00eb kopje t\u00eb p\u00ebrmbajtjes p\u00ebr p\u00ebrdorimin tuaj vetjak personal jotregtar, me kusht q\u00eb \u00e7do kopje e k\u00ebtyre dokumenteve q\u00eb ju b\u00ebni mban t\u00eb gjitha t\u00eb drejtat e autorit apo njoftimet e tjera t\u00eb pron\u00ebsis\u00eb dhe \u00e7do mohim ligjor q\u00eb p\u00ebrmbajn\u00eb ato.<\/p>\n<\/div>\n<\/div>\n<div class=\"text js-text\">\n<div id=\"text-c731202715\" class=\"cmp-text\">\n<h3>Emri tregtar \/ Markat tregtare<\/h3>\n<p>T\u00eb gjith\u00eb emrat tregtar\u00eb, markat tregtare, logot dhe fotografit\u00eb q\u00eb shfaqen n\u00eb k\u00ebt\u00eb uebsajt q\u00eb i p\u00ebrkasin Daikin tani ose m\u00eb pas jan\u00eb\/do t\u00eb jen\u00eb pron\u00ebsi ekskluzive e Daikin ose e filialeve t\u00eb tij, ose jan\u00eb t\u00eb licencuara te ata. Hyrja juaj n\u00eb uebsajt nuk duhet t\u00eb interpretohet si akordim, me n\u00ebnkuptim apo ndryshe, e ndonj\u00eb licence apo e ndonj\u00eb t\u00eb drejte p\u00ebr t\u00eb p\u00ebrdorur emrat tregtar\u00eb, markat tregtare, logot dhe fotografit\u00eb n\u00eb k\u00ebt\u00eb uebsajt pa miratimin paraprak me shkrim t\u00eb Daikin. Ju mund t\u00eb aplikoni p\u00ebr miratim p\u00ebrmes<span>\u00a0<\/span><a href=\"https:\/\/www.daikin.al\/sq_al\/legal-notice\/legal_contact_form.html?lb=true\" title=\"Na kontaktoni\" target=\"_blank\" rel=\"noopener noreferrer\">k\u00ebtij formulari.<\/a><\/p>\n<\/div>\n<\/div>\n<div class=\"text js-text\">\n<div id=\"text-500cce6479\" class=\"cmp-text\">\n<h3>P\u00ebrdorimi i lidhjeve<\/h3>\n<p>Ky uebsajt p\u00ebrmban lidhje te uebsajtet e pal\u00ebve t\u00eb treta te t\u00eb cilat Daikin nuk ka kontroll. Daikin nuk jep asnj\u00eb garanci t\u00eb ndonj\u00eb lloji rreth ndonj\u00eb uebsajti tjet\u00ebr ku ju mund t\u00eb keni hyrje p\u00ebrmes k\u00ebtij uebsajti.<\/p>\n<p>Kur hyni n\u00eb uebsajtet e pal\u00ebve t\u00eb treta nga ky uebsajt, ju e b\u00ebni k\u00ebt\u00eb duke marr\u00eb vet\u00eb p\u00ebrsip\u00ebr rrezikun. Daikin nuk \u00ebsht\u00eb p\u00ebrgjegj\u00ebs p\u00ebr sakt\u00ebsin\u00eb, korrekt\u00ebsin\u00eb kohore, besueshm\u00ebrin\u00eb, mjaftueshm\u00ebrin\u00eb, sekuenc\u00ebn apo plot\u00ebsin\u00eb e ndonj\u00eb informacioni, t\u00eb dh\u00ebne, opinioni, k\u00ebshille apo deklarate q\u00eb b\u00ebhet n\u00eb k\u00ebto uebsajte ose p\u00ebr cil\u00ebsin\u00eb e ndonj\u00eb produkti apo sh\u00ebrbimi t\u00eb disponuesh\u00ebm n\u00eb k\u00ebto uebsajte.<\/p>\n<p>Daikin i ofron k\u00ebto lidhje p\u00ebr leht\u00ebsin\u00eb tuaj dhe vet\u00ebm p\u00ebr q\u00ebllime informuese. P\u00ebrfshirja e k\u00ebtyre lidhjeve nuk n\u00ebnkupton se Daikin miraton apo pranon ndonj\u00eb p\u00ebrgjegj\u00ebsi p\u00ebr p\u00ebrmbajtjen ose p\u00ebrdorimet e k\u00ebtyre uebsajteve. Daikin ju k\u00ebshillon t\u00eb lexoni fillimisht kushtet e p\u00ebrgjithshme t\u00eb k\u00ebtyre uebsajteve.<\/p>\n<\/div>\n<\/div>\n<div class=\"text js-text\">\n<div id=\"text-45f7720a97\" class=\"cmp-text\">\n<h3>Lidhja te uebsajti i Daikin<\/h3>\n<p>Ju mund t\u00eb krijoni lidhje te nj\u00eb uebsajt i Daikin me kushtin q\u00eb t\u00eb p\u00ebrmendet qart\u00eb (n\u00eb lidhje) se vizitor\u00ebt e uebsajtit tuaj do t\u00eb d\u00ebrgohen te uebsajti i Daikin. Lidhja nuk mund t\u00eb jet\u00eb mashtruese dhe nuk mund t\u00eb rezultoj\u00eb n\u00eb shfaqje t\u00eb informacioneve t\u00eb uebsajtit t\u00eb Daikin si pjes\u00eb e nj\u00eb uebsajti tjet\u00ebr. P\u00ebr shembull, vendosja n\u00eb korniz\u00eb apo lidhja brenda linje me uebsajtin e Daikin nuk lejohen pa miratim paraprak me shkrim t\u00eb Daikin.<\/p>\n<p>Ju mund t\u00eb aplikoni p\u00ebr leje p\u00ebrmes<span>\u00a0<\/span><a href=\"https:\/\/www.daikin.al\/sq_al\/legal-notice\/legal_contact_form.html\" title=\"Na kontaktoni\" target=\"_blank\" rel=\"noopener noreferrer\">k\u00ebtij formulari.<\/a><\/p>\n<p>Nuk mund t\u00eb shfaqet asnj\u00eb lidhje n\u00eb ndonj\u00eb faqe t\u00eb uebsajtit tuaj ose brenda ndonj\u00eb konteksti q\u00eb p\u00ebrmban p\u00ebrmbajtjen ose materialet q\u00eb mund t\u00eb interpretohet si e pahijshme ose kriminale ose q\u00eb shkel apo mbron shkeljen e ndonj\u00eb t\u00eb drejte si pal\u00eb e tret\u00eb.<\/p>\n<\/div>\n<\/div>\n<div class=\"text js-text\">\n<div id=\"text-e50e1955b8\" class=\"cmp-text\">\n<h3>Garancia dhe mohimet ligjore p\u00ebr p\u00ebrdorimin e uebsajtit<\/h3>\n<p>Daikin nuk garanton q\u00eb hyrja n\u00eb uebsajt dhe p\u00ebrmbajtja e tij t\u00eb jen\u00eb t\u00eb pand\u00ebrprera apo pa gabime. Ky uebsajt dhe e gjith\u00eb p\u00ebrmbajtja e tij jepen sipas nj\u00eb baze \u201csi\u00e7 \u00ebsht\u00eb\u201d, pa garanci t\u00eb asnj\u00eb lloji, qoft\u00eb t\u00eb shprehura ose t\u00eb n\u00ebnkuptuara, duke p\u00ebrfshir\u00eb, por pa u kufizuar me garancit\u00eb p\u00ebr titull pron\u00ebsie ose mosshkeljeje, ose garancit\u00eb e n\u00ebnkuptuara t\u00eb tregtueshm\u00ebris\u00eb apo p\u00ebrshtatshm\u00ebris\u00eb p\u00ebr nj\u00eb q\u00ebllim t\u00eb caktuar, q\u00eb b\u00ebhen n\u00eb lidhje me disponueshm\u00ebrin\u00eb, sakt\u00ebsin\u00eb, sigurin\u00eb, besueshm\u00ebrin\u00eb apo p\u00ebrmbajtjen e uebsajtit.<\/p>\n<p>Uebsajti mund t\u00eb p\u00ebrmbaj\u00eb gabime teknike ose t\u00eb tjera, pasakt\u00ebsi ose gabime tipografike. Daikin mund ta ndryshoj\u00eb p\u00ebrmbajtjen, struktur\u00ebn dhe sh\u00ebrbimet e ofruara n\u00eb uebsajt, duke p\u00ebrfshir\u00eb \u00e7mimet dhe p\u00ebrshkrimet e produkteve t\u00eb renditura k\u00ebtu, n\u00eb \u00e7do koh\u00eb dhe pa njoftim. P\u00ebrmbajtja ose sh\u00ebrbimet n\u00eb k\u00ebt\u00eb uebsajt mund t\u00eb jen\u00eb t\u00eb vjetruara dhe Daikin nuk jep asnj\u00eb angazhim p\u00ebr t\u2019i p\u00ebrdit\u00ebsuar k\u00ebto p\u00ebrmbajtje ose sh\u00ebrbime.<\/p>\n<p>As Daikin ose ndonj\u00eb prej kontraktor\u00ebve t\u00eb vet t\u00eb p\u00ebrfshir\u00eb n\u00eb krijimin, prodhimin ose dh\u00ebnien e ndonj\u00eb prej p\u00ebrmbajtjeve t\u00eb k\u00ebtij uebsajti nuk do t\u00eb jen\u00eb p\u00ebrgjegj\u00ebs p\u00ebr ndonj\u00eb d\u00ebm t\u00eb drejtp\u00ebrdrejt\u00eb, t\u00eb t\u00ebrthort\u00eb, aksidental, t\u00eb ve\u00e7ant\u00eb, rrjedhimor ose d\u00ebmtues, fitime t\u00eb humbura ose humbje p\u00ebr nd\u00ebrprerje t\u00eb biznesit q\u00eb lindin nga p\u00ebrdorimi ose pamund\u00ebsia p\u00ebr t\u00eb p\u00ebrdorur k\u00ebt\u00eb uebsajt, edhe n\u00ebse Daikin \u00ebsht\u00eb k\u00ebshilluar rreth mund\u00ebsis\u00eb s\u00eb k\u00ebtyre d\u00ebmeve.<\/p>\n<p>Daikin nuk merr p\u00ebrsip\u00ebr asnj\u00eb p\u00ebrgjegj\u00ebsi dhe nuk do t\u00eb pranoj\u00eb asnj\u00eb detyrim p\u00ebr d\u00ebmtime n\u00eb, ose viruse q\u00eb mund t\u00eb infektojn\u00eb, pajisjen tuaj kompjuterike ose prona t\u00eb tjera p\u00ebr shkak t\u00eb ose si rrjedhoj\u00eb e p\u00ebrdorimit nga ana juaj ose e hyrjes suaj n\u00eb k\u00ebt\u00eb uebsajt. Disa juridiksione nuk lejojn\u00eb p\u00ebrjashtimin e disa garancive apo kufizimeve t\u00eb p\u00ebrgjegj\u00ebsis\u00eb, prandaj kufizimet ose p\u00ebrjashtimet e m\u00ebsip\u00ebrme mund t\u00eb mos aplikohen p\u00ebr ju. Detyrimi i Daikin n\u00eb k\u00ebto raste do t\u00eb kufizohej n\u00eb shkall\u00ebn m\u00eb t\u00eb lart\u00eb t\u00eb lejuar nga ligji.<\/p>\n<p>N\u00ebse nuk jeni i k\u00ebnaqur me ndonj\u00eb pjes\u00eb t\u00eb k\u00ebtij uebsajti, zgjidhja juaj e vetme dhe ekskluzive \u00ebsht\u00eb nd\u00ebrprerja e vazhdimit t\u00eb p\u00ebrdorimit t\u00eb k\u00ebtij uebsajti.<\/p>\n<\/div>\n<\/div>\n<div class=\"text js-text\">\n<div id=\"text-2c1cb32b72\" class=\"cmp-text\">\n<h3>D\u00ebrgimi elektronik i t\u00eb dh\u00ebnave<\/h3>\n<p>Duke d\u00ebrguar t\u00eb dh\u00ebna (t\u00eb p\u00ebrfshira n\u00eb mesazhe, dokumente dhe skedar\u00eb) te Daikin p\u00ebrmes mjeteve t\u00eb tilla si posta elektronike ose p\u00ebrmes formular\u00ebve t\u00eb disponuesh\u00ebm n\u00eb uebsajt, ju pranoni se:<\/p>\n<ol>\n<li>Materiali nuk do t\u00eb p\u00ebrmbaj\u00eb asnj\u00eb artikull q\u00eb \u00ebsht\u00eb i paligjsh\u00ebm apo ndryshe i pap\u00ebrshtatsh\u00ebm p\u00ebr t\u2019u publikuar;<\/li>\n<li>Ju do t\u00eb p\u00ebrdorni p\u00ebrpjekje t\u00eb arsyeshme p\u00ebr t\u00eb skanuar dhe hequr \u00e7do virus apo funksione t\u00eb tjera kontaminuese ose shkat\u00ebrruese p\u00ebrpara se t\u00eb d\u00ebrgoni ndonj\u00eb material.<\/li>\n<li>Ju gjithashtu merrni p\u00ebrsip\u00ebr t\u00eb mos nd\u00ebrmerrni asgj\u00eb q\u00eb vendos ngarkes\u00eb jasht\u00ebzakonisht t\u00eb lart\u00eb ose t\u00eb paarsyeshme n\u00eb infrastruktur\u00ebn e k\u00ebtij uebsajti.<\/li>\n<\/ol>\n<p>Ju bini dakord t\u00eb zhd\u00ebmtoni, t\u00eb mbani t\u00eb pad\u00ebmtuar dhe, sipas opsionit ton\u00eb, t\u00eb mbroni Daikin dhe zyrtar\u00ebt e tij, drejtor\u00ebt, punonj\u00ebsit, aksionar\u00ebt, agjent\u00ebt dhe p\u00ebrfaq\u00ebsuesit nga \u00e7do pretendim, detyrim, d\u00ebme dhe\/ose kosto nga pal\u00eb t\u00eb treta q\u00eb lindin nga p\u00ebrdorimi juaj i pap\u00ebrshtatsh\u00ebm i k\u00ebtij uebsajti, shkelja juaj e k\u00ebtij Njoftimi ligjor, apo shkelja juaj ose shkelja ose p\u00ebrdorimi nga nj\u00eb p\u00ebrdorues tjet\u00ebr i llogaris\u00eb suaj, i ndonj\u00eb prone intelektuale apo ndonj\u00eb t\u00eb drejte tjet\u00ebr t\u00eb ndonj\u00eb personi apo enti.<\/p>\n<\/div>\n<\/div>\n<div class=\"text js-text\">\n<div id=\"text-ceadc0bf6e\" class=\"cmp-text\">\n<h3>Mbrojtja e t\u00eb dh\u00ebnave dhe kukit<\/h3>\n<p>\u00c7do e dh\u00ebn\u00eb personale q\u00eb Daikin grumbullon nga ju kur ju e p\u00ebrdorni k\u00ebt\u00eb uebsajt do t\u00eb p\u00ebrpunohet n\u00eb p\u00ebrputhje me<span>\u00a0<\/span><a href=\"https:\/\/www.daikin.al\/sq_al\/data-privacy-policy.html\" title=\"Politika e privat\u00ebsis\u00eb s\u00eb t\u00eb dh\u00ebnave - Maj 2013\">Politik\u00ebn ton\u00eb t\u00eb privat\u00ebsis\u00eb s\u00eb t\u00eb dh\u00ebnave<\/a><span>\u00a0<\/span>dhe<span>\u00a0<\/span><a href=\"https:\/\/www.daikin.al\/sq_al\/cookie-notice.html\" title=\"Njoftimi p\u00ebr kukit - Maj 2013\">Njoftimin p\u00ebr kukit<\/a>. Ju konfirmoni se kur p\u00ebrdorni k\u00ebt\u00eb uebsajt, ju miratoni q\u00eb t\u00eb dh\u00ebnat tuaja personale t\u00eb p\u00ebrdoren dhe t\u00eb p\u00ebrpunohen n\u00eb p\u00ebrputhje me Politik\u00ebn ton\u00eb t\u00eb privat\u00ebsis\u00eb s\u00eb t\u00eb dh\u00ebnave dhe Njoftimin p\u00ebr kukit.<\/p>\n<\/div>\n<\/div>\n<div class=\"text js-text\">\n<div id=\"text-d4a6278909\" class=\"cmp-text\">\n<h3>Ligjet drejtuese dhe juridiksioni<\/h3>\n<p>Daikin e mban n\u00eb funksionim dhe e kontrollon k\u00ebt\u00eb uebsajt nga vendndodhje brenda Belgjik\u00ebs. Si e till\u00eb, informacioni q\u00eb p\u00ebrmban ky uebsajt konsiderohet si i ofruar n\u00eb Belgjik\u00eb, dhe drejtohet nga ligjet e Belgjik\u00ebs dhe u n\u00ebnshtrohet atyre, pa u dh\u00ebn\u00eb efekt parimeve t\u00eb konflikteve t\u00eb ligjit. Deri n\u00eb shkall\u00ebn maksimale t\u00eb lejuar nga ligji n\u00eb fuqi, ju i n\u00ebnshtroheni juridiksionit ekskluziv t\u00eb gjykatave t\u00eb Brukselit.<\/p>\n<\/div>\n<\/div>\n<div class=\"text js-text\">\n<div id=\"text-a2226c0c8f\" class=\"cmp-text\">\n<h2>Kushte t\u00eb ndryshme<\/h2>\n<p>N\u00ebse ndonj\u00eb dispozit\u00eb e k\u00ebtij Njoftimi ligjor b\u00ebhet ose deklarohet e paligjshme, e pavlefshme ose p\u00ebr ndonj\u00eb arsye e pazbatueshme, kjo dispozit\u00eb do t\u00eb konsiderohet e shk\u00ebputshme nga ky Njoftim ligjor dhe nuk do t\u00eb ndikoj\u00eb n\u00eb vlefshm\u00ebrin\u00eb dhe zbatueshm\u00ebrin\u00eb e ndonj\u00eb dispozite t\u00eb mbetur. Ky njoftim ligjor \u00ebsht\u00eb e gjith\u00eb marr\u00ebveshja mes jush dhe Daikin n\u00eb lidhje me l\u00ebnd\u00ebn q\u00eb trajtohet k\u00ebtu.<\/p>\n<p>Ky uebsajt vihet n\u00eb funksionim nga Daikin Europe N.V., nj\u00eb kompani e themeluar n\u00eb Belgjik\u00eb, me seli t\u00eb regjistruar n\u00eb adres\u00ebn 8400 Oostende (Belgjik\u00eb), Zandvoordestraat 300, regjistruar pran\u00eb RPR n\u00eb Oostende me num\u00ebr kompanie 412.120.336.<\/p>\n<p><i>Versioni 1.3, maj 2013<\/i><\/p>\n<\/div>\n<\/div>\n<\/div>\n<\/div>\n<p>[\/et_pb_text][\/et_pb_column][\/et_pb_row][\/et_pb_section]<\/p>\n","protected":false},"excerpt":{"rendered":"<p>Njoftim ligjor Njoftim ligjor \u00c7do hyrje dhe p\u00ebrdorim i uebsajtit t\u00eb Daikin Europe N.V. u n\u00ebnshtrohet kushteve t\u00eb p\u00ebrgjithshme t\u00eb m\u00ebposhtme (kolektivisht t\u00eb referuara si \u201cNjoftimi ligjor\u201d). Duke hyr\u00eb dhe duke p\u00ebrdorur uebsajtin e Daikin, ju pranoni versionin e Njoftimit ligjor q\u00eb \u00ebsht\u00eb n\u00eb fuqi n\u00eb momentin e hyrjes suaj n\u00eb uebsajt. Daikin rezervon t\u00eb [&hellip;]<\/p>\n","protected":false},"author":1,"featured_media":0,"parent":0,"menu_order":0,"comment_status":"closed","ping_status":"closed","template":"","meta":{"_et_pb_use_builder":"on","_et_pb_old_content":"","_et_gb_content_width":"","inline_featured_image":false,"footnotes":""},"class_list":["post-278309","page","type-page","status-publish","hentry"],"jetpack_sharing_enabled":true,"_links":{"self":[{"href":"https:\/\/daikinshop.mk\/al\/wp-json\/wp\/v2\/pages\/278309","targetHints":{"allow":["GET"]}}],"collection":[{"href":"https:\/\/daikinshop.mk\/al\/wp-json\/wp\/v2\/pages"}],"about":[{"href":"https:\/\/daikinshop.mk\/al\/wp-json\/wp\/v2\/types\/page"}],"author":[{"embeddable":true,"href":"https:\/\/daikinshop.mk\/al\/wp-json\/wp\/v2\/users\/1"}],"replies":[{"embeddable":true,"href":"https:\/\/daikinshop.mk\/al\/wp-json\/wp\/v2\/comments?post=278309"}],"version-history":[{"count":4,"href":"https:\/\/daikinshop.mk\/al\/wp-json\/wp\/v2\/pages\/278309\/revisions"}],"predecessor-version":[{"id":278865,"href":"https:\/\/daikinshop.mk\/al\/wp-json\/wp\/v2\/pages\/278309\/revisions\/278865"}],"wp:attachment":[{"href":"https:\/\/daikinshop.mk\/al\/wp-json\/wp\/v2\/media?parent=278309"}],"curies":[{"name":"wp","href":"https:\/\/api.w.org\/{rel}","templated":true}]}}